 {"id":2,"date":"2013-05-23T17:16:30","date_gmt":"2013-05-23T16:16:30","guid":{"rendered":"https:\/\/blog.vpiera.com\/es\/?page_id=2"},"modified":"2026-03-19T11:34:37","modified_gmt":"2026-03-19T10:34:37","slug":"quienes-somos","status":"publish","type":"page","link":"https:\/\/blog.vpiera.com\/es\/quienes-somos\/","title":{"rendered":"\u00bfQUI\u00c9NES SOMOS?"},"content":{"rendered":"\n<p><strong>Bellas Artes Piera<\/strong> es una empresa familiar fundada en el a\u00f1o 1941, que dispone de una red de establecimientos comerciales propios.<\/p>\n\n\n\n<p>Estamos especializados en la venta de <strong>materiales<\/strong> para <strong>Artistas, dibujantes, ilustradores, dise\u00f1adores, creadores, arquitectos, oficinas, etc&#8230;<\/strong><\/p>\n\n\n\n<p>Vendemos al detalle, al mayor y exportamos al resto del mundo. Damos servicio a particulares, profesionales, escuelas, pymes, gran empresa, organismos oficiales, Administraci\u00f3n P\u00fablica etc&#8230;<\/p>\n\n\n\n<p>Tenemos m\u00e1s de 50.000 art\u00edculos en stock permanente. Disponemos de servicio diario de reparto a domicilio. Portes pagados a <strong>Barcelona<\/strong> ciudad a partir de 60.00 \u20ac, al resto de las poblaciones de la pen\u00ednsula y Baleares portes pagados a partir de 75,00 \u20ac, y para Canarias, Ceuta, Melilla, Andorra y Portugal portes debidos. Una vez recibido el pedido y antes de entregar se informar\u00e1 al cliente del importe del los portes para su conformidad y aceptaci\u00f3n.<\/p>\n\n\n\n<p>Si lo desea puede solicitar nuestros cat\u00e1logos totalmente gratuitos (cat\u00e1logo de material de oficina e inform\u00e1tica, cat\u00e1logo <strong>bellas artes<\/strong> y grafismo, y cat\u00e1logo de escritura y regalo).<\/p>\n\n\n\n<p><strong>Bellas Artes Piera<\/strong> es miembro de:<\/p>\n\n\n\n<p><b>\u2022&nbsp;<\/b><strong>Dalbe<\/strong>:&nbsp;Agrupaci\u00f3n europea de establecimientos de Belles Artes y central de compras con un almac\u00e9n propio de 10.000 m2.<br><b>\u2022&nbsp;<\/b><strong>Sett Grup Ofiice<\/strong>:&nbsp;Agrupaci\u00f3n de papeler\u00edas t\u00e9cnicas asociadas, miembro de BPGI, que es central de compras de grupos internacionales.<br><b>\u2022<\/b><strong>&nbsp;Namta<\/strong>:&nbsp;National Art Materials Trade Association.<\/p>\n\n\n\n<p><b>Bellas Artes Piera dispone de:<\/b><\/p>\n\n\n\n<p>\u2022&nbsp;Establecimiento comercial en la calle C\u00f3rsega <strong>Barcelona<\/strong>: Bellas Artes, dise\u00f1o gr\u00e1fico, y consumibles de inform\u00e1tica.<\/p>\n\n\n\n<p>\u2022&nbsp;Establecimiento comercial en Via Augusta <strong>Barcelona<\/strong>: Bellas Artes, dise\u00f1o gr\u00e1fico, consumibles de inform\u00e1tica, manualidades, papeler\u00eda, escritura y regalo y enmarcaci\u00f3n.<\/p>\n\n\n\n<p>\u2022&nbsp;Establecimiento comercial en la <strong>Facultad de Bellas Artes<\/strong>, Pau Gargallo <strong>Barcelona<\/strong>: Bellas Artes<\/p>\n\n\n\n<p>\u2022&nbsp;Establecimiento comercial en la calle Torrent de la Bomba Sant Cugat del Vall\u00e8s: Bellas Artes, dise\u00f1o gr\u00e1fico, papeler\u00eda y enmarcaci\u00f3n.<\/p>\n\n\n\n<p>\u2022&nbsp;Almac\u00e9n central en la calle Traj\u00e0 <strong>Barcelona.<\/strong><\/p>\n","protected":false},"excerpt":{"rendered":"<p>Bellas Artes Piera es una empresa familiar fundada en el a\u00f1o 1941, que dispone de&#8230; <a href=\"https:\/\/blog.vpiera.com\/es\/quienes-somos\/\" class=\"llegirmes\">Llegir m\u00e9s -><\/a><\/p>\n","protected":false},"author":2,"featured_media":1540,"parent":0,"menu_order":0,"comment_status":"open","ping_status":"closed","template":"","meta":{"footnotes":""},"class_list":["post-2","page","type-page","status-publish","has-post-thumbnail","hentry","post-preview"],"yoast_head":"<!-- This site is optimized with the Yoast SEO plugin v27.3 - https:\/\/yoast.com\/product\/yoast-seo-wordpress\/ -->\n<title>\u00bfQUI\u00c9NES SOMOS? Vicen\u00e7 Piera SL (ES) -<\/title>\n<meta name=\"description\" content=\"Bellas Artes Piera es una empresa familiar fundada en el a\u00f1o 1941, que dispone de una red de establecimientos comerciales propios. Estamos especializados\" \/>\n<meta name=\"robots\" content=\"index, follow, max-snippet:-1, max-image-preview:large, max-video-preview:-1\" \/>\n<link rel=\"canonical\" href=\"https:\/\/blog.vpiera.com\/es\/quienes-somos\/\" \/>\n<meta property=\"og:locale\" content=\"es_ES\" \/>\n<meta property=\"og:type\" content=\"article\" \/>\n<meta property=\"og:title\" content=\"\u00bfQUI\u00c9NES SOMOS? Vicen\u00e7 Piera SL (ES) -\" \/>\n<meta property=\"og:description\" content=\"Bellas Artes Piera es una empresa familiar fundada en el a\u00f1o 1941, que dispone de una red de establecimientos comerciales propios. Estamos especializados\" \/>\n<meta property=\"og:url\" content=\"https:\/\/blog.vpiera.com\/es\/quienes-somos\/\" \/>\n<meta property=\"og:site_name\" content=\"Vicen\u00e7 Piera SL (ES)\" \/>\n<meta property=\"article:modified_time\" content=\"2026-03-19T10:34:37+00:00\" \/>\n<meta name=\"twitter:label1\" content=\"Tiempo de lectura\" \/>\n\t<meta name=\"twitter:data1\" content=\"2 minutos\" \/>\n<script type=\"application\/ld+json\" class=\"yoast-schema-graph\">{\"@context\":\"https:\\\/\\\/schema.org\",\"@graph\":[{\"@type\":\"WebPage\",\"@id\":\"https:\\\/\\\/blog.vpiera.com\\\/es\\\/quienes-somos\\\/\",\"url\":\"https:\\\/\\\/blog.vpiera.com\\\/es\\\/quienes-somos\\\/\",\"name\":\"\u00bfQUI\u00c9NES SOMOS? Vicen\u00e7 Piera SL (ES) -\",\"isPartOf\":{\"@id\":\"https:\\\/\\\/blog.vpiera.com\\\/es\\\/#website\"},\"primaryImageOfPage\":{\"@id\":\"https:\\\/\\\/blog.vpiera.com\\\/es\\\/quienes-somos\\\/#primaryimage\"},\"image\":{\"@id\":\"https:\\\/\\\/blog.vpiera.com\\\/es\\\/quienes-somos\\\/#primaryimage\"},\"thumbnailUrl\":\"https:\\\/\\\/blog.vpiera.com\\\/es\\\/wp-content\\\/uploads\\\/sites\\\/2\\\/2022\\\/03\\\/no-image.jpg\",\"datePublished\":\"2013-05-23T16:16:30+00:00\",\"dateModified\":\"2026-03-19T10:34:37+00:00\",\"description\":\"Bellas Artes Piera es una empresa familiar fundada en el a\u00f1o 1941, que dispone de una red de establecimientos comerciales propios. Estamos especializados\",\"breadcrumb\":{\"@id\":\"https:\\\/\\\/blog.vpiera.com\\\/es\\\/quienes-somos\\\/#breadcrumb\"},\"inLanguage\":\"es\",\"potentialAction\":[{\"@type\":\"ReadAction\",\"target\":[\"https:\\\/\\\/blog.vpiera.com\\\/es\\\/quienes-somos\\\/\"]}]},{\"@type\":\"ImageObject\",\"inLanguage\":\"es\",\"@id\":\"https:\\\/\\\/blog.vpiera.com\\\/es\\\/quienes-somos\\\/#primaryimage\",\"url\":\"https:\\\/\\\/blog.vpiera.com\\\/es\\\/wp-content\\\/uploads\\\/sites\\\/2\\\/2022\\\/03\\\/no-image.jpg\",\"contentUrl\":\"https:\\\/\\\/blog.vpiera.com\\\/es\\\/wp-content\\\/uploads\\\/sites\\\/2\\\/2022\\\/03\\\/no-image.jpg\",\"width\":800,\"height\":600},{\"@type\":\"BreadcrumbList\",\"@id\":\"https:\\\/\\\/blog.vpiera.com\\\/es\\\/quienes-somos\\\/#breadcrumb\",\"itemListElement\":[{\"@type\":\"ListItem\",\"position\":1,\"name\":\"Portada\",\"item\":\"https:\\\/\\\/blog.vpiera.com\\\/es\\\/\"},{\"@type\":\"ListItem\",\"position\":2,\"name\":\"\u00bfQUI\u00c9NES SOMOS?\"}]},{\"@type\":\"WebSite\",\"@id\":\"https:\\\/\\\/blog.vpiera.com\\\/es\\\/#website\",\"url\":\"https:\\\/\\\/blog.vpiera.com\\\/es\\\/\",\"name\":\"Vicen\u00e7 Piera SL (ES)\",\"description\":\"Blog de la tienda de bellas artes Piera\",\"potentialAction\":[{\"@type\":\"SearchAction\",\"target\":{\"@type\":\"EntryPoint\",\"urlTemplate\":\"https:\\\/\\\/blog.vpiera.com\\\/es\\\/?s={search_term_string}\"},\"query-input\":{\"@type\":\"PropertyValueSpecification\",\"valueRequired\":true,\"valueName\":\"search_term_string\"}}],\"inLanguage\":\"es\"}]}<\/script>\n<!-- \/ Yoast SEO plugin. -->","yoast_head_json":{"title":"\u00bfQUI\u00c9NES SOMOS? Vicen\u00e7 Piera SL (ES) -","description":"Bellas Artes Piera es una empresa familiar fundada en el a\u00f1o 1941, que dispone de una red de establecimientos comerciales propios. Estamos especializados","robots":{"index":"index","follow":"follow","max-snippet":"max-snippet:-1","max-image-preview":"max-image-preview:large","max-video-preview":"max-video-preview:-1"},"canonical":"https:\/\/blog.vpiera.com\/es\/quienes-somos\/","og_locale":"es_ES","og_type":"article","og_title":"\u00bfQUI\u00c9NES SOMOS? Vicen\u00e7 Piera SL (ES) -","og_description":"Bellas Artes Piera es una empresa familiar fundada en el a\u00f1o 1941, que dispone de una red de establecimientos comerciales propios. Estamos especializados","og_url":"https:\/\/blog.vpiera.com\/es\/quienes-somos\/","og_site_name":"Vicen\u00e7 Piera SL (ES)","article_modified_time":"2026-03-19T10:34:37+00:00","twitter_misc":{"Tiempo de lectura":"2 minutos"},"schema":{"@context":"https:\/\/schema.org","@graph":[{"@type":"WebPage","@id":"https:\/\/blog.vpiera.com\/es\/quienes-somos\/","url":"https:\/\/blog.vpiera.com\/es\/quienes-somos\/","name":"\u00bfQUI\u00c9NES SOMOS? Vicen\u00e7 Piera SL (ES) -","isPartOf":{"@id":"https:\/\/blog.vpiera.com\/es\/#website"},"primaryImageOfPage":{"@id":"https:\/\/blog.vpiera.com\/es\/quienes-somos\/#primaryimage"},"image":{"@id":"https:\/\/blog.vpiera.com\/es\/quienes-somos\/#primaryimage"},"thumbnailUrl":"https:\/\/blog.vpiera.com\/es\/wp-content\/uploads\/sites\/2\/2022\/03\/no-image.jpg","datePublished":"2013-05-23T16:16:30+00:00","dateModified":"2026-03-19T10:34:37+00:00","description":"Bellas Artes Piera es una empresa familiar fundada en el a\u00f1o 1941, que dispone de una red de establecimientos comerciales propios. Estamos especializados","breadcrumb":{"@id":"https:\/\/blog.vpiera.com\/es\/quienes-somos\/#breadcrumb"},"inLanguage":"es","potentialAction":[{"@type":"ReadAction","target":["https:\/\/blog.vpiera.com\/es\/quienes-somos\/"]}]},{"@type":"ImageObject","inLanguage":"es","@id":"https:\/\/blog.vpiera.com\/es\/quienes-somos\/#primaryimage","url":"https:\/\/blog.vpiera.com\/es\/wp-content\/uploads\/sites\/2\/2022\/03\/no-image.jpg","contentUrl":"https:\/\/blog.vpiera.com\/es\/wp-content\/uploads\/sites\/2\/2022\/03\/no-image.jpg","width":800,"height":600},{"@type":"BreadcrumbList","@id":"https:\/\/blog.vpiera.com\/es\/quienes-somos\/#breadcrumb","itemListElement":[{"@type":"ListItem","position":1,"name":"Portada","item":"https:\/\/blog.vpiera.com\/es\/"},{"@type":"ListItem","position":2,"name":"\u00bfQUI\u00c9NES SOMOS?"}]},{"@type":"WebSite","@id":"https:\/\/blog.vpiera.com\/es\/#website","url":"https:\/\/blog.vpiera.com\/es\/","name":"Vicen\u00e7 Piera SL (ES)","description":"Blog de la tienda de bellas artes Piera","potentialAction":[{"@type":"SearchAction","target":{"@type":"EntryPoint","urlTemplate":"https:\/\/blog.vpiera.com\/es\/?s={search_term_string}"},"query-input":{"@type":"PropertyValueSpecification","valueRequired":true,"valueName":"search_term_string"}}],"inLanguage":"es"}]}},"_links":{"self":[{"href":"https:\/\/blog.vpiera.com\/es\/wp-json\/wp\/v2\/pages\/2","targetHints":{"allow":["GET"]}}],"collection":[{"href":"https:\/\/blog.vpiera.com\/es\/wp-json\/wp\/v2\/pages"}],"about":[{"href":"https:\/\/blog.vpiera.com\/es\/wp-json\/wp\/v2\/types\/page"}],"author":[{"embeddable":true,"href":"https:\/\/blog.vpiera.com\/es\/wp-json\/wp\/v2\/users\/2"}],"replies":[{"embeddable":true,"href":"https:\/\/blog.vpiera.com\/es\/wp-json\/wp\/v2\/comments?post=2"}],"version-history":[{"count":9,"href":"https:\/\/blog.vpiera.com\/es\/wp-json\/wp\/v2\/pages\/2\/revisions"}],"predecessor-version":[{"id":3546,"href":"https:\/\/blog.vpiera.com\/es\/wp-json\/wp\/v2\/pages\/2\/revisions\/3546"}],"wp:featuredmedia":[{"embeddable":true,"href":"https:\/\/blog.vpiera.com\/es\/wp-json\/wp\/v2\/media\/1540"}],"wp:attachment":[{"href":"https:\/\/blog.vpiera.com\/es\/wp-json\/wp\/v2\/media?parent=2"}],"curies":[{"name":"wp","href":"https:\/\/api.w.org\/{rel}","templated":true}]}}